{"id":1348,"date":"2023-07-01T05:41:52","date_gmt":"2023-07-01T05:41:52","guid":{"rendered":"https:\/\/amaurytrujillo.com\/?post_type=product&#038;p=1348"},"modified":"2025-06-09T14:04:44","modified_gmt":"2025-06-09T19:04:44","slug":"maletin-lorenzo","status":"publish","type":"product","link":"https:\/\/amaurytrujillo.com\/?product=maletin-lorenzo","title":{"rendered":"MALET\u00cdN LORENZO"},"content":{"rendered":"<p>Referencia: Malet\u00edn Leather Lorenzo<\/p>\n<p>Color: Caf\u00e9<\/p>\n<p>Colecci\u00f3n: Traveler 2023<\/p>\n","protected":false},"excerpt":{"rendered":"<p>Referencia: Malet\u00edn Leather Lorenzo Color: Caf\u00e9 Colecci\u00f3n: Traveler 2023<\/p>\n","protected":false},"featured_media":1349,"comment_status":"open","ping_status":"closed","template":"","meta":[],"product_brand":[],"product_cat":[93],"product_tag":[],"class_list":{"0":"post-1348","1":"product","2":"type-product","3":"status-publish","4":"has-post-thumbnail","6":"product_cat-traveler","8":"first","9":"instock","10":"shipping-taxable","11":"purchasable","12":"product-type-simple"},"jetpack-related-posts":[],"jetpack_sharing_enabled":true,"_links":{"self":[{"href":"https:\/\/amaurytrujillo.com\/index.php?rest_route=\/wp\/v2\/product\/1348","targetHints":{"allow":["GET"]}}],"collection":[{"href":"https:\/\/amaurytrujillo.com\/index.php?rest_route=\/wp\/v2\/product"}],"about":[{"href":"https:\/\/amaurytrujillo.com\/index.php?rest_route=\/wp\/v2\/types\/product"}],"replies":[{"embeddable":true,"href":"https:\/\/amaurytrujillo.com\/index.php?rest_route=%2Fwp%2Fv2%2Fcomments&post=1348"}],"wp:featuredmedia":[{"embeddable":true,"href":"https:\/\/amaurytrujillo.com\/index.php?rest_route=\/wp\/v2\/media\/1349"}],"wp:attachment":[{"href":"https:\/\/amaurytrujillo.com\/index.php?rest_route=%2Fwp%2Fv2%2Fmedia&parent=1348"}],"wp:term":[{"taxonomy":"product_brand","embeddable":true,"href":"https:\/\/amaurytrujillo.com\/index.php?rest_route=%2Fwp%2Fv2%2Fproduct_brand&post=1348"},{"taxonomy":"product_cat","embeddable":true,"href":"https:\/\/amaurytrujillo.com\/index.php?rest_route=%2Fwp%2Fv2%2Fproduct_cat&post=1348"},{"taxonomy":"product_tag","embeddable":true,"href":"https:\/\/amaurytrujillo.com\/index.php?rest_route=%2Fwp%2Fv2%2Fproduct_tag&post=1348"}],"curies":[{"name":"wp","href":"https:\/\/api.w.org\/{rel}","templated":true}]}}